{"id":9566,"date":"2021-10-05T08:39:57","date_gmt":"2021-10-05T06:39:57","guid":{"rendered":"https:\/\/v31.es\/booksonline\/?post_type=product&#038;p=9566"},"modified":"2022-04-13T12:05:15","modified_gmt":"2022-04-13T10:05:15","slug":"ultim-estiu-a-ordino","status":"publish","type":"product","link":"https:\/\/v31.es\/booksonline\/producto\/ultim-estiu-a-ordino\/","title":{"rendered":"\u00daLTIM ESTIU A ORDINO"},"content":{"rendered":"<p>La tardor de 1882, la Sumpta d\u2019Areny-Plandolit es veu obligada a abandonar la pau de la casa pairal d\u2019Ordino, a les valls d\u2019Andorra, per acompanyar la baronessa de Senaller, la seva mare, fins a Barcelona, on han de defensar l\u2019her\u00e8ncia familiar dels plets interposats pels seus germanastres, els fills de la primera dona del bar\u00f3 assassinada al carrer de la Uni\u00f3 quan es dirigia a una estrena del Liceu. A ciutat, la Sumpta fa dos descobriments torbadors i inquietants: l\u2019amor pel Ventura, un jove seminarista, i els episodis m\u00e9s amagats i sorprenents del passat de la seva fam\u00edlia.<\/p>\n<p>La novel\u00b7la <em>\u00daltim estiu a Ordino<\/em>, convertida per milers de lectors en un cl\u00e0ssic, \u00e9s un joc brillant entre la realitat i la ficci\u00f3. Al mateix temps que recorrem els escenaris del m\u00f3n canviant de final del segle XIX a Andorra i Catalunya, se\u2019ns descobreixen els temors, les inseguretats, els somnis i les esperances d\u2019una noia de sensibilitat exquisida.<\/p>\n<p><em>\u00daltim estiu a Ordino<\/em> va apar\u00e8ixer la primavera de 1998 i, des de llavors, se n\u2019han publicat nombroses edicions. Molts lectors recorden l\u2019empremta que els va deixar i com la Sumpta, la protagonista, es va convertir en un personatge que els ha acompanyat sempre. Que una novel\u00b7la, despr\u00e9s de vint anys, conservi intacte tot l\u2019inter\u00e8s convidava a l\u2019Editorial Andorra a fer-ne una traducci\u00f3 al castell\u00e0 que n\u2019amplia la difusi\u00f3.<\/p>\n","protected":false},"excerpt":{"rendered":"<p>La tardor de 1882, la Sumpta d\u2019Areny-Plandolit es veu obligada a abandonar la pau de la casa pairal d\u2019Ordino, a les valls d\u2019Andorra, per acompanyar la baronessa de Senaller, la seva mare, fins a Barcelona, on han de defensar l\u2019her\u00e8ncia familiar dels plets interposats pels seus germanastres, els fills de la primera dona del bar\u00f3 [&hellip;]<\/p>\n","protected":false},"featured_media":10265,"comment_status":"open","ping_status":"closed","template":"","meta":{"_et_pb_use_builder":"","_et_pb_old_content":"","_et_gb_content_width":""},"product_brand":[],"product_cat":[263,262],"product_tag":[264],"class_list":{"0":"post-9566","1":"product","2":"type-product","3":"status-publish","4":"has-post-thumbnail","6":"product_cat-andorrana","7":"product_cat-joan-peruga","8":"product_tag-narrativa","9":"product_shipping_class-envio-estandar","11":"first","12":"instock","13":"taxable","14":"shipping-taxable","15":"purchasable","16":"product-type-simple"},"_links":{"self":[{"href":"https:\/\/v31.es\/booksonline\/wp-json\/wp\/v2\/product\/9566","targetHints":{"allow":["GET"]}}],"collection":[{"href":"https:\/\/v31.es\/booksonline\/wp-json\/wp\/v2\/product"}],"about":[{"href":"https:\/\/v31.es\/booksonline\/wp-json\/wp\/v2\/types\/product"}],"replies":[{"embeddable":true,"href":"https:\/\/v31.es\/booksonline\/wp-json\/wp\/v2\/comments?post=9566"}],"wp:featuredmedia":[{"embeddable":true,"href":"https:\/\/v31.es\/booksonline\/wp-json\/wp\/v2\/media\/10265"}],"wp:attachment":[{"href":"https:\/\/v31.es\/booksonline\/wp-json\/wp\/v2\/media?parent=9566"}],"wp:term":[{"taxonomy":"product_brand","embeddable":true,"href":"https:\/\/v31.es\/booksonline\/wp-json\/wp\/v2\/product_brand?post=9566"},{"taxonomy":"product_cat","embeddable":true,"href":"https:\/\/v31.es\/booksonline\/wp-json\/wp\/v2\/product_cat?post=9566"},{"taxonomy":"product_tag","embeddable":true,"href":"https:\/\/v31.es\/booksonline\/wp-json\/wp\/v2\/product_tag?post=9566"}],"curies":[{"name":"wp","href":"https:\/\/api.w.org\/{rel}","templated":true}]}}