{"id":9568,"date":"2021-10-05T08:55:36","date_gmt":"2021-10-05T06:55:36","guid":{"rendered":"https:\/\/v31.es\/booksonline\/?post_type=product&#038;p=9568"},"modified":"2022-04-04T11:21:24","modified_gmt":"2022-04-04T09:21:24","slug":"el-museo-del-elefante","status":"publish","type":"product","link":"https:\/\/v31.es\/booksonline\/producto\/el-museo-del-elefante\/","title":{"rendered":"El Museo del Elefante"},"content":{"rendered":"<p>El Gran Museo Areny de Ciencias Naturales era la obra que el Dr. Pau Xavier de Areny-Plandolit preparaba obsesivamente en la casa que sus antepasados ten\u00edan en Ordino, en la Rep\u00fablica de Andorra. La elefanta Julia viajaba para ser la vedete del museo, pero desaparece misteriosamente en el paseo de La Seo de Urgel. Pau Xavier, con la ayuda de Mariano, un anarquista aragon\u00e9s, la buscar\u00e1 en una Andorra en plena transformaci\u00f3n por la que deambulan esp\u00edas nazis, can\u00f3nigos intrigantes, funcionarios espa\u00f1oles y franceses, empresarios aventureros\u2026 Un pa\u00eds nuevo en el que empieza a reinar el poder omnipresente del Benefactor Altruista, el propietario de la empresa concesionaria de la electricidad, al que tendr\u00e1n que enfrentarse los andorranos si quieren preservar su libertad.<\/p>\n<p>A la emoci\u00f3n y la iron\u00eda de las novelas anteriores de Joan Peruga se suman ahora una trama muy cinematogr\u00e1fica y unos personajes fascinantes que sostienen intensas batallas personales y hacen equilibrios en la cuerda floja de un escenario cambiante. <em>El museo del elefante<\/em> es una obra madura y profunda que Editorial Andorra se complace en ofrecer a los lectores en castellano.<\/p>\n","protected":false},"excerpt":{"rendered":"<p>El Gran Museo Areny de Ciencias Naturales era la obra que el Dr. Pau Xavier de Areny-Plandolit preparaba obsesivamente en la casa que sus antepasados ten\u00edan en Ordino, en la Rep\u00fablica de Andorra. La elefanta Julia viajaba para ser la vedete del museo, pero desaparece misteriosamente en el paseo de La Seo de Urgel. Pau [&hellip;]<\/p>\n","protected":false},"featured_media":10184,"comment_status":"open","ping_status":"closed","template":"","meta":{"_et_pb_use_builder":"","_et_pb_old_content":"","_et_gb_content_width":""},"product_brand":[],"product_cat":[263,262],"product_tag":[264],"class_list":{"0":"post-9568","1":"product","2":"type-product","3":"status-publish","4":"has-post-thumbnail","6":"product_cat-andorrana","7":"product_cat-joan-peruga","8":"product_tag-narrativa","9":"product_shipping_class-envio-estandar","11":"first","12":"instock","13":"taxable","14":"shipping-taxable","15":"purchasable","16":"product-type-simple"},"_links":{"self":[{"href":"https:\/\/v31.es\/booksonline\/wp-json\/wp\/v2\/product\/9568","targetHints":{"allow":["GET"]}}],"collection":[{"href":"https:\/\/v31.es\/booksonline\/wp-json\/wp\/v2\/product"}],"about":[{"href":"https:\/\/v31.es\/booksonline\/wp-json\/wp\/v2\/types\/product"}],"replies":[{"embeddable":true,"href":"https:\/\/v31.es\/booksonline\/wp-json\/wp\/v2\/comments?post=9568"}],"wp:featuredmedia":[{"embeddable":true,"href":"https:\/\/v31.es\/booksonline\/wp-json\/wp\/v2\/media\/10184"}],"wp:attachment":[{"href":"https:\/\/v31.es\/booksonline\/wp-json\/wp\/v2\/media?parent=9568"}],"wp:term":[{"taxonomy":"product_brand","embeddable":true,"href":"https:\/\/v31.es\/booksonline\/wp-json\/wp\/v2\/product_brand?post=9568"},{"taxonomy":"product_cat","embeddable":true,"href":"https:\/\/v31.es\/booksonline\/wp-json\/wp\/v2\/product_cat?post=9568"},{"taxonomy":"product_tag","embeddable":true,"href":"https:\/\/v31.es\/booksonline\/wp-json\/wp\/v2\/product_tag?post=9568"}],"curies":[{"name":"wp","href":"https:\/\/api.w.org\/{rel}","templated":true}]}}