{"id":9765,"date":"2021-11-10T12:50:03","date_gmt":"2021-11-10T11:50:03","guid":{"rendered":"https:\/\/v31.es\/booksonline\/?post_type=product&#038;p=9765"},"modified":"2023-06-05T10:05:04","modified_gmt":"2023-06-05T08:05:04","slug":"las-lineas-quebradas-del-tiempo","status":"publish","type":"product","link":"https:\/\/v31.es\/booksonline\/producto\/las-lineas-quebradas-del-tiempo\/","title":{"rendered":"Las L\u00edneas Quebradas del Tiempo"},"content":{"rendered":"<p>En Las l\u00edneas quebradas del tiempo asistimos a la lucha personal y profesional de dos mujeres, cada una en un momento distinto de la historia de nuestro pa\u00eds. A pesar de las diferencias entre las situaciones de ambas, est\u00e1n unidas por el afecto y la vocaci\u00f3n, y sus vidas llegan a coincidir durante unos a\u00f1os. Sus aventuras modestas invitan a reflexionar sobre los vaivenes del tiempo, la grandeza de la docencia y el poder de la literatura. Esta novela constituye, adem\u00e1s, un homenaje a una generaci\u00f3n.<\/p>\n","protected":false},"excerpt":{"rendered":"<p>En Las l\u00edneas quebradas del tiempo asistimos a la lucha personal y profesional de dos mujeres, cada una en un momento distinto de la historia de nuestro pa\u00eds. A pesar de las diferencias entre las situaciones de ambas, est\u00e1n unidas por el afecto y la vocaci\u00f3n, y sus vidas llegan a coincidir durante unos a\u00f1os. [&hellip;]<\/p>\n","protected":false},"featured_media":10183,"comment_status":"open","ping_status":"closed","template":"","meta":{"_et_pb_use_builder":"off","_et_pb_old_content":"\u201cNada es lo que parece, nada parece lo que es\u201d\r\n\r\n[learn_more caption=\"leer m\u00e1s\"]Nos pasamos la mayor parte de nuestra existencia sumidos en una profunda oscuridad, y no somos conscientes de que con un simple gesto, podemos pulsar el interruptor que llenar\u00eda nuestra vida de luz y felicidad. Pocas son las personas capaces de ver que malgastando nuestro tiempo en esa pelea constante con nosotros mismos y con los dem\u00e1s nunca llegaremos a encontrar lo que realmente buscamos, el amor. El amor llegar\u00e1 a ti si le abres la puerta, o al menos una ventana. El amor no es perfecto, pero es lo \u00fanico por lo que merece la pena sufrir, y sobre todo vivir.[\/learn_more]","_et_gb_content_width":""},"product_brand":[],"product_cat":[218,340],"product_tag":[36],"class_list":{"0":"post-9765","1":"product","2":"type-product","3":"status-publish","4":"has-post-thumbnail","6":"product_cat-booksonline","7":"product_cat-clara-ubaldina-lorda-mur","8":"product_tag-novela","9":"product_shipping_class-envio-estandar","11":"first","12":"instock","13":"taxable","14":"shipping-taxable","15":"purchasable","16":"product-type-simple"},"_links":{"self":[{"href":"https:\/\/v31.es\/booksonline\/wp-json\/wp\/v2\/product\/9765","targetHints":{"allow":["GET"]}}],"collection":[{"href":"https:\/\/v31.es\/booksonline\/wp-json\/wp\/v2\/product"}],"about":[{"href":"https:\/\/v31.es\/booksonline\/wp-json\/wp\/v2\/types\/product"}],"replies":[{"embeddable":true,"href":"https:\/\/v31.es\/booksonline\/wp-json\/wp\/v2\/comments?post=9765"}],"wp:featuredmedia":[{"embeddable":true,"href":"https:\/\/v31.es\/booksonline\/wp-json\/wp\/v2\/media\/10183"}],"wp:attachment":[{"href":"https:\/\/v31.es\/booksonline\/wp-json\/wp\/v2\/media?parent=9765"}],"wp:term":[{"taxonomy":"product_brand","embeddable":true,"href":"https:\/\/v31.es\/booksonline\/wp-json\/wp\/v2\/product_brand?post=9765"},{"taxonomy":"product_cat","embeddable":true,"href":"https:\/\/v31.es\/booksonline\/wp-json\/wp\/v2\/product_cat?post=9765"},{"taxonomy":"product_tag","embeddable":true,"href":"https:\/\/v31.es\/booksonline\/wp-json\/wp\/v2\/product_tag?post=9765"}],"curies":[{"name":"wp","href":"https:\/\/api.w.org\/{rel}","templated":true}]}}