{"id":9766,"date":"2021-11-11T10:58:29","date_gmt":"2021-11-11T09:58:29","guid":{"rendered":"https:\/\/v31.es\/booksonline\/?post_type=product&#038;p=9766"},"modified":"2023-06-05T10:02:46","modified_gmt":"2023-06-05T08:02:46","slug":"mas-analisis","status":"publish","type":"product","link":"https:\/\/v31.es\/booksonline\/producto\/mas-analisis\/","title":{"rendered":"M\u00e1s An\u00e1lisis"},"content":{"rendered":"<p>Si disfrutaron del libro El An\u00e1lisis, no pueden dejar de leer M\u00e1s An\u00e1lisis, obra que recoge la columna radiof\u00f3nica que H\u00e9ctor Castro ha realizado en Cope Alto Arag\u00f3n en las temporadas 2019-2020 y 2020-2021. M\u00fasica, pol\u00edtica, religi\u00f3n, literatura, televisi\u00f3n, cine y un sinf\u00edn de curiosidades son lo que los lectores encontrar\u00e1n en las p\u00e1ginas de este volumen. Con una p\u00e9ndola radiof\u00f3nica incisiva y amena el periodista literano desmenuza no solo aspectos de la actualidad sino tambi\u00e9n elementos intemporales que sorprender\u00e1n, incluso, a los leedores m\u00e1s aguerridos.<\/p>\n","protected":false},"excerpt":{"rendered":"<p>Si disfrutaron del libro El An\u00e1lisis, no pueden dejar de leer M\u00e1s An\u00e1lisis, obra que recoge la columna radiof\u00f3nica que H\u00e9ctor Castro ha realizado en Cope Alto Arag\u00f3n en las temporadas 2019-2020 y 2020-2021. M\u00fasica, pol\u00edtica, religi\u00f3n, literatura, televisi\u00f3n, cine y un sinf\u00edn de curiosidades son lo que los lectores encontrar\u00e1n en las p\u00e1ginas de [&hellip;]<\/p>\n","protected":false},"featured_media":10182,"comment_status":"open","ping_status":"closed","template":"","meta":{"_et_pb_use_builder":"off","_et_pb_old_content":"\u201cNada es lo que parece, nada parece lo que es\u201d\r\n\r\n[learn_more caption=\"leer m\u00e1s\"]Nos pasamos la mayor parte de nuestra existencia sumidos en una profunda oscuridad, y no somos conscientes de que con un simple gesto, podemos pulsar el interruptor que llenar\u00eda nuestra vida de luz y felicidad. Pocas son las personas capaces de ver que malgastando nuestro tiempo en esa pelea constante con nosotros mismos y con los dem\u00e1s nunca llegaremos a encontrar lo que realmente buscamos, el amor. El amor llegar\u00e1 a ti si le abres la puerta, o al menos una ventana. El amor no es perfecto, pero es lo \u00fanico por lo que merece la pena sufrir, y sobre todo vivir.[\/learn_more]","_et_gb_content_width":""},"product_brand":[],"product_cat":[218,276,342],"product_tag":[214],"class_list":{"0":"post-9766","1":"product","2":"type-product","3":"status-publish","4":"has-post-thumbnail","6":"product_cat-booksonline","7":"product_cat-hector-castro","8":"product_cat-hector-castro-arino","9":"product_tag-crecimiento-personal","10":"product_shipping_class-envio-estandar","12":"first","13":"instock","14":"taxable","15":"shipping-taxable","16":"purchasable","17":"product-type-simple"},"_links":{"self":[{"href":"https:\/\/v31.es\/booksonline\/wp-json\/wp\/v2\/product\/9766","targetHints":{"allow":["GET"]}}],"collection":[{"href":"https:\/\/v31.es\/booksonline\/wp-json\/wp\/v2\/product"}],"about":[{"href":"https:\/\/v31.es\/booksonline\/wp-json\/wp\/v2\/types\/product"}],"replies":[{"embeddable":true,"href":"https:\/\/v31.es\/booksonline\/wp-json\/wp\/v2\/comments?post=9766"}],"wp:featuredmedia":[{"embeddable":true,"href":"https:\/\/v31.es\/booksonline\/wp-json\/wp\/v2\/media\/10182"}],"wp:attachment":[{"href":"https:\/\/v31.es\/booksonline\/wp-json\/wp\/v2\/media?parent=9766"}],"wp:term":[{"taxonomy":"product_brand","embeddable":true,"href":"https:\/\/v31.es\/booksonline\/wp-json\/wp\/v2\/product_brand?post=9766"},{"taxonomy":"product_cat","embeddable":true,"href":"https:\/\/v31.es\/booksonline\/wp-json\/wp\/v2\/product_cat?post=9766"},{"taxonomy":"product_tag","embeddable":true,"href":"https:\/\/v31.es\/booksonline\/wp-json\/wp\/v2\/product_tag?post=9766"}],"curies":[{"name":"wp","href":"https:\/\/api.w.org\/{rel}","templated":true}]}}