{"id":9800,"date":"2021-11-30T11:16:28","date_gmt":"2021-11-30T10:16:28","guid":{"rendered":"https:\/\/v31.es\/booksonline\/?post_type=product&#038;p=9800"},"modified":"2022-04-04T11:17:16","modified_gmt":"2022-04-04T09:17:16","slug":"caligrafia-historica","status":"publish","type":"product","link":"https:\/\/v31.es\/booksonline\/producto\/caligrafia-historica\/","title":{"rendered":"Caligraf\u00eda Hist\u00f3rica"},"content":{"rendered":"<p>La particularidad de Hispania, al-\u00c1ndalus, Sefarad, es el multigrafismo que se daba entre sus habitantes letrados cristianos, musulmanes y jud\u00edos, es decir, se presentaban tres escrituras de manera simult\u00e1nea: la \u00e1rabe, la hebrea y la latina. Por eso, al abrir este cuaderno, esperamos que la atracci\u00f3n est\u00e9tica de sus formas os atrape y pod\u00e1is practicar esta bella caligraf\u00eda medieval que nuestra historia nos ha legado.<\/p>\n<p>&nbsp;<\/p>\n","protected":false},"excerpt":{"rendered":"<p>La particularidad de Hispania, al-\u00c1ndalus, Sefarad, es el multigrafismo que se daba entre sus habitantes letrados cristianos, musulmanes y jud\u00edos, es decir, se presentaban tres escrituras de manera simult\u00e1nea: la \u00e1rabe, la hebrea y la latina. Por eso, al abrir este cuaderno, esperamos que la atracci\u00f3n est\u00e9tica de sus formas os atrape y pod\u00e1is practicar [&hellip;]<\/p>\n","protected":false},"featured_media":10179,"comment_status":"open","ping_status":"closed","template":"","meta":{"_et_pb_use_builder":"","_et_pb_old_content":"","_et_gb_content_width":""},"product_brand":[],"product_cat":[218,346,283],"product_tag":[347],"class_list":{"0":"post-9800","1":"product","2":"type-product","3":"status-publish","4":"has-post-thumbnail","6":"product_cat-booksonline","7":"product_cat-ricardo-vicente","8":"product_cat-silvia-romeral-andres","9":"product_tag-caligrafia","10":"product_shipping_class-envio-estandar","12":"first","13":"instock","14":"taxable","15":"shipping-taxable","16":"purchasable","17":"product-type-simple"},"_links":{"self":[{"href":"https:\/\/v31.es\/booksonline\/wp-json\/wp\/v2\/product\/9800","targetHints":{"allow":["GET"]}}],"collection":[{"href":"https:\/\/v31.es\/booksonline\/wp-json\/wp\/v2\/product"}],"about":[{"href":"https:\/\/v31.es\/booksonline\/wp-json\/wp\/v2\/types\/product"}],"replies":[{"embeddable":true,"href":"https:\/\/v31.es\/booksonline\/wp-json\/wp\/v2\/comments?post=9800"}],"wp:featuredmedia":[{"embeddable":true,"href":"https:\/\/v31.es\/booksonline\/wp-json\/wp\/v2\/media\/10179"}],"wp:attachment":[{"href":"https:\/\/v31.es\/booksonline\/wp-json\/wp\/v2\/media?parent=9800"}],"wp:term":[{"taxonomy":"product_brand","embeddable":true,"href":"https:\/\/v31.es\/booksonline\/wp-json\/wp\/v2\/product_brand?post=9800"},{"taxonomy":"product_cat","embeddable":true,"href":"https:\/\/v31.es\/booksonline\/wp-json\/wp\/v2\/product_cat?post=9800"},{"taxonomy":"product_tag","embeddable":true,"href":"https:\/\/v31.es\/booksonline\/wp-json\/wp\/v2\/product_tag?post=9800"}],"curies":[{"name":"wp","href":"https:\/\/api.w.org\/{rel}","templated":true}]}}