{"id":9804,"date":"2021-11-30T12:17:13","date_gmt":"2021-11-30T11:17:13","guid":{"rendered":"https:\/\/v31.es\/booksonline\/?post_type=product&#038;p=9804"},"modified":"2022-03-28T13:01:47","modified_gmt":"2022-03-28T11:01:47","slug":"valle-de-lierp-un-bello","status":"publish","type":"product","link":"https:\/\/v31.es\/booksonline\/producto\/valle-de-lierp-un-bello\/","title":{"rendered":"Valle de Lierp, un bello&#8230;"},"content":{"rendered":"<p>En el complejo entramado orogr\u00e1fico que supone la Ribagorza, destaca especialmente el Turb\u00f3n, uno de los enclaves m\u00e1s caracter\u00edsticos de esta comarca oriental de Huesca, una monta\u00f1a m\u00e1gica en torno a la cual se han gestado historias y leyendas. A sus pies se extiende el peque\u00f1o valle de Lierp, un valle de transici\u00f3n, entre el \u00c9sera y el Is\u00e1bena, al que Jos\u00e9 Mar\u00eda Ari\u00f1o y Fernando Sah\u00fan han dedicado m\u00e1s de diez a\u00f1os de trabajo e investigaci\u00f3n para dar a luz este libro.<\/p>\n","protected":false},"excerpt":{"rendered":"<p>En el complejo entramado orogr\u00e1fico que supone la Ribagorza, destaca especialmente el Turb\u00f3n, uno de los enclaves m\u00e1s caracter\u00edsticos de esta comarca oriental de Huesca, una monta\u00f1a m\u00e1gica en torno a la cual se han gestado historias y leyendas. A sus pies se extiende el peque\u00f1o valle de Lierp, un valle de transici\u00f3n, entre el [&hellip;]<\/p>\n","protected":false},"featured_media":10156,"comment_status":"open","ping_status":"closed","template":"","meta":{"_et_pb_use_builder":"off","_et_pb_old_content":"\u201cNada es lo que parece, nada parece lo que es\u201d\r\n\r\n[learn_more caption=\"leer m\u00e1s\"]Nos pasamos la mayor parte de nuestra existencia sumidos en una profunda oscuridad, y no somos conscientes de que con un simple gesto, podemos pulsar el interruptor que llenar\u00eda nuestra vida de luz y felicidad. Pocas son las personas capaces de ver que malgastando nuestro tiempo en esa pelea constante con nosotros mismos y con los dem\u00e1s nunca llegaremos a encontrar lo que realmente buscamos, el amor. El amor llegar\u00e1 a ti si le abres la puerta, o al menos una ventana. El amor no es perfecto, pero es lo \u00fanico por lo que merece la pena sufrir, y sobre todo vivir.[\/learn_more]","_et_gb_content_width":""},"product_brand":[],"product_cat":[344,343,350],"product_tag":[345],"class_list":{"0":"post-9804","1":"product","2":"type-product","3":"status-publish","4":"has-post-thumbnail","6":"product_cat-fernando-sahun-campo","7":"product_cat-jose-maria-arino-castel","8":"product_cat-kiosco-de-libros","9":"product_tag-memoria-historica","10":"product_shipping_class-envio-estandar","12":"first","13":"instock","14":"taxable","15":"shipping-taxable","16":"purchasable","17":"product-type-simple"},"_links":{"self":[{"href":"https:\/\/v31.es\/booksonline\/wp-json\/wp\/v2\/product\/9804","targetHints":{"allow":["GET"]}}],"collection":[{"href":"https:\/\/v31.es\/booksonline\/wp-json\/wp\/v2\/product"}],"about":[{"href":"https:\/\/v31.es\/booksonline\/wp-json\/wp\/v2\/types\/product"}],"replies":[{"embeddable":true,"href":"https:\/\/v31.es\/booksonline\/wp-json\/wp\/v2\/comments?post=9804"}],"wp:featuredmedia":[{"embeddable":true,"href":"https:\/\/v31.es\/booksonline\/wp-json\/wp\/v2\/media\/10156"}],"wp:attachment":[{"href":"https:\/\/v31.es\/booksonline\/wp-json\/wp\/v2\/media?parent=9804"}],"wp:term":[{"taxonomy":"product_brand","embeddable":true,"href":"https:\/\/v31.es\/booksonline\/wp-json\/wp\/v2\/product_brand?post=9804"},{"taxonomy":"product_cat","embeddable":true,"href":"https:\/\/v31.es\/booksonline\/wp-json\/wp\/v2\/product_cat?post=9804"},{"taxonomy":"product_tag","embeddable":true,"href":"https:\/\/v31.es\/booksonline\/wp-json\/wp\/v2\/product_tag?post=9804"}],"curies":[{"name":"wp","href":"https:\/\/api.w.org\/{rel}","templated":true}]}}