{"id":9812,"date":"2022-03-01T08:50:37","date_gmt":"2022-03-01T07:50:37","guid":{"rendered":"https:\/\/v31.es\/booksonline\/?post_type=product&#038;p=9812"},"modified":"2024-06-03T11:49:19","modified_gmt":"2024-06-03T09:49:19","slug":"pedaladas-bajo-techo","status":"publish","type":"product","link":"https:\/\/v31.es\/booksonline\/producto\/pedaladas-bajo-techo\/","title":{"rendered":"PEDALADAS BAJO TECHO&#8230;"},"content":{"rendered":"<p>Entrenamientos\u00a0<strong>espec\u00edficos para rodillo<\/strong> en combinaci\u00f3n con entrenamientos en el exterior. Tablas de entrenamiento completamente actualizadas tanto\u00a0<strong>para pruebas no competitivas y competiciones.<\/strong><\/p>\n<p>Cap\u00edtulos espec\u00edficos en donde vas a encontrar\u00a0<strong>el porqu\u00e9 del entrenamiento de las distintas cualidades plasmadas en las tablas tipo<\/strong>. Y alternativas por si quieres seguir aplicando y variando los entrenamientos al terminar los dos meses de espec\u00edfico. <strong>Un cap\u00edtulo de Vo2m\u00e1x\u00a0<\/strong>con distintas formas de trabajo y tablas de c\u00f3mo aplicarlo, tanto en potencia como en pulsaciones.<\/p>\n<p>Otro sobre<strong>\u00a0la aplicaci\u00f3n del torque y las distintas opciones de su entrenamiento<\/strong>, tanto si tienes la aplicaci\u00f3n para usar como referencia los Nm (no hace falta potenci\u00f3metro), solo potencia o solo pulsaciones.<\/p>\n<p>Adem\u00e1s, tienes un cap\u00edtulo con el\u00a0<strong>entrenamiento de capacidad anaer\u00f3bica<\/strong>\u00a0en el que vas a entender por qu\u00e9 unos ciclistas tienen m\u00e1s aptitudes a la hora de entrenar ag\u00f3nicamente y c\u00f3mo aplicar entrenamientos que permitan mejorar dicha capacidad.<\/p>\n<p>En los planes competitivos he incluido un<strong>\u00a0calentamiento pre-competici\u00f3n,<\/strong>\u00a0para muchas referencias, pulso y potencia.<\/p>\n<p>Tambi\u00e9n te explico\u00a0<strong>qu\u00e9 plan se debe elegir\u00a0<\/strong>y cu\u00e1les son las consecuencias de no escoger el adecuado.<\/p>\n<p>En las tablas de entrenamiento por potencia\u00a0<strong>he fraccionado de forma progresiva la Z2 de resistencia\u00a0<\/strong>para evitar la deriva cardiaca y controlarla mejor.<br \/>\n<em>(Adem\u00e1s de dar la opci\u00f3n de c\u00f3mo incluir el entrenamiento de calidad en el \u00faltimo mes de base para los que tienen cierto nivel)<\/em><\/p>\n<p>Todos los\u00a0<strong>mesociclos vienen comentados<\/strong>\u00a0con aclaraciones en cada uno de ellos.<\/p>\n<p>Tienes un cap\u00edtulo en el que se multiplican las posibilidades con respecto a los tests. Te describo\u00a0<strong>4 tests para el c\u00e1lculo de distintas referencias en pulsaciones y te doy 6 posibilidades para realizar el test de potencia.\u00a0<\/strong><\/p>\n<p>Informaci\u00f3n sobre\u00a0<strong>c\u00f3mo se comporta la cadencia<\/strong>\u00a0y tablas para aplicar entrenamientos a distintas cadencias, seg\u00fan la disciplina para la que entrenes.<\/p>\n<p>Un cap\u00edtulo de<strong>\u00a0nutrici\u00f3n e hidrataci\u00f3n en una sesi\u00f3n de rodillo.<\/strong><\/p>\n<p>Comparativa de los\u00a0<strong>datos de potencia de distintos rodillos y distintos potenci\u00f3metros. <\/strong><em>(Seg\u00fan la marca de potenci\u00f3metro que tengas podr\u00e1s ver la desviaci\u00f3n con respecto a tu rodillo)<\/em><\/p>\n<p>https:\/\/www.ciclismoafondo.es\/noticias\/noticias-del-sector\/pedaladas-bajo-techo-evolution-nuevo-libro-chema-arguedas_245248_102.html<\/p>\n<p>&nbsp;<\/p>\n","protected":false},"excerpt":{"rendered":"<p>Entrenamientos\u00a0espec\u00edficos para rodillo en combinaci\u00f3n con entrenamientos en el exterior. Tablas de entrenamiento completamente actualizadas tanto\u00a0para pruebas no competitivas y competiciones. Cap\u00edtulos espec\u00edficos en donde vas a encontrar\u00a0el porqu\u00e9 del entrenamiento de las distintas cualidades plasmadas en las tablas tipo. Y alternativas por si quieres seguir aplicando y variando los entrenamientos al terminar los dos [&hellip;]<\/p>\n","protected":false},"featured_media":10079,"comment_status":"open","ping_status":"closed","template":"","meta":{"_et_pb_use_builder":"off","_et_pb_old_content":"\u201cNada es lo que parece, nada parece lo que es\u201d\r\n\r\n[learn_more caption=\"leer m\u00e1s\"]Nos pasamos la mayor parte de nuestra existencia sumidos en una profunda oscuridad, y no somos conscientes de que con un simple gesto, podemos pulsar el interruptor que llenar\u00eda nuestra vida de luz y felicidad. Pocas son las personas capaces de ver que malgastando nuestro tiempo en esa pelea constante con nosotros mismos y con los dem\u00e1s nunca llegaremos a encontrar lo que realmente buscamos, el amor. El amor llegar\u00e1 a ti si le abres la puerta, o al menos una ventana. El amor no es perfecto, pero es lo \u00fanico por lo que merece la pena sufrir, y sobre todo vivir.[\/learn_more]","_et_gb_content_width":""},"product_brand":[],"product_cat":[348,222],"product_tag":[214],"class_list":{"0":"post-9812","1":"product","2":"type-product","3":"status-publish","4":"has-post-thumbnail","6":"product_cat-chema-arguedas-lozano","7":"product_cat-editorial-anteo","8":"product_tag-crecimiento-personal","9":"product_shipping_class-envio-estandar","11":"first","12":"instock","13":"taxable","14":"shipping-taxable","15":"purchasable","16":"product-type-simple"},"_links":{"self":[{"href":"https:\/\/v31.es\/booksonline\/wp-json\/wp\/v2\/product\/9812","targetHints":{"allow":["GET"]}}],"collection":[{"href":"https:\/\/v31.es\/booksonline\/wp-json\/wp\/v2\/product"}],"about":[{"href":"https:\/\/v31.es\/booksonline\/wp-json\/wp\/v2\/types\/product"}],"replies":[{"embeddable":true,"href":"https:\/\/v31.es\/booksonline\/wp-json\/wp\/v2\/comments?post=9812"}],"wp:featuredmedia":[{"embeddable":true,"href":"https:\/\/v31.es\/booksonline\/wp-json\/wp\/v2\/media\/10079"}],"wp:attachment":[{"href":"https:\/\/v31.es\/booksonline\/wp-json\/wp\/v2\/media?parent=9812"}],"wp:term":[{"taxonomy":"product_brand","embeddable":true,"href":"https:\/\/v31.es\/booksonline\/wp-json\/wp\/v2\/product_brand?post=9812"},{"taxonomy":"product_cat","embeddable":true,"href":"https:\/\/v31.es\/booksonline\/wp-json\/wp\/v2\/product_cat?post=9812"},{"taxonomy":"product_tag","embeddable":true,"href":"https:\/\/v31.es\/booksonline\/wp-json\/wp\/v2\/product_tag?post=9812"}],"curies":[{"name":"wp","href":"https:\/\/api.w.org\/{rel}","templated":true}]}}