{"id":9854,"date":"2021-12-15T11:53:28","date_gmt":"2021-12-15T10:53:28","guid":{"rendered":"https:\/\/v31.es\/booksonline\/?post_type=product&#038;p=9854"},"modified":"2022-03-28T12:21:09","modified_gmt":"2022-03-28T10:21:09","slug":"far-s-a","status":"publish","type":"product","link":"https:\/\/v31.es\/booksonline\/producto\/far-s-a\/","title":{"rendered":"FAR SA"},"content":{"rendered":"<p>Cesar y Mar, una pareja a punto de terminar Empresariales, sufren una agresi\u00f3n callejera de la que salen airosos gracias a la aparici\u00f3n inesperada de un desconocido, Mikel. El asombro de la pareja es casi mayor que su agradecimiento cuando este, estudiante de Arte, le explica c\u00f3mo puso en fuga a los agresores tras hacerles creer que llegaba la polic\u00eda sirvi\u00e9ndose de la oscuridad de callej\u00f3n, de la luz azul del m\u00f3vil y su propia capacidad teatral.<\/p>\n","protected":false},"excerpt":{"rendered":"<p>Cesar y Mar, una pareja a punto de terminar Empresariales, sufren una agresi\u00f3n callejera de la que salen airosos gracias a la aparici\u00f3n inesperada de un desconocido, Mikel. El asombro de la pareja es casi mayor que su agradecimiento cuando este, estudiante de Arte, le explica c\u00f3mo puso en fuga a los agresores tras hacerles [&hellip;]<\/p>\n","protected":false},"featured_media":10114,"comment_status":"open","ping_status":"closed","template":"","meta":{"_et_pb_use_builder":"off","_et_pb_old_content":"\u201cNada es lo que parece, nada parece lo que es\u201d\r\n\r\n[learn_more caption=\"leer m\u00e1s\"]Nos pasamos la mayor parte de nuestra existencia sumidos en una profunda oscuridad, y no somos conscientes de que con un simple gesto, podemos pulsar el interruptor que llenar\u00eda nuestra vida de luz y felicidad. Pocas son las personas capaces de ver que malgastando nuestro tiempo en esa pelea constante con nosotros mismos y con los dem\u00e1s nunca llegaremos a encontrar lo que realmente buscamos, el amor. El amor llegar\u00e1 a ti si le abres la puerta, o al menos una ventana. El amor no es perfecto, pero es lo \u00fanico por lo que merece la pena sufrir, y sobre todo vivir.[\/learn_more]","_et_gb_content_width":""},"product_brand":[],"product_cat":[350,353],"product_tag":[36],"class_list":{"0":"post-9854","1":"product","2":"type-product","3":"status-publish","4":"has-post-thumbnail","6":"product_cat-kiosco-de-libros","7":"product_cat-pedro-torres","8":"product_tag-novela","9":"product_shipping_class-envio-estandar","11":"first","12":"instock","13":"taxable","14":"shipping-taxable","15":"purchasable","16":"product-type-simple"},"_links":{"self":[{"href":"https:\/\/v31.es\/booksonline\/wp-json\/wp\/v2\/product\/9854","targetHints":{"allow":["GET"]}}],"collection":[{"href":"https:\/\/v31.es\/booksonline\/wp-json\/wp\/v2\/product"}],"about":[{"href":"https:\/\/v31.es\/booksonline\/wp-json\/wp\/v2\/types\/product"}],"replies":[{"embeddable":true,"href":"https:\/\/v31.es\/booksonline\/wp-json\/wp\/v2\/comments?post=9854"}],"wp:featuredmedia":[{"embeddable":true,"href":"https:\/\/v31.es\/booksonline\/wp-json\/wp\/v2\/media\/10114"}],"wp:attachment":[{"href":"https:\/\/v31.es\/booksonline\/wp-json\/wp\/v2\/media?parent=9854"}],"wp:term":[{"taxonomy":"product_brand","embeddable":true,"href":"https:\/\/v31.es\/booksonline\/wp-json\/wp\/v2\/product_brand?post=9854"},{"taxonomy":"product_cat","embeddable":true,"href":"https:\/\/v31.es\/booksonline\/wp-json\/wp\/v2\/product_cat?post=9854"},{"taxonomy":"product_tag","embeddable":true,"href":"https:\/\/v31.es\/booksonline\/wp-json\/wp\/v2\/product_tag?post=9854"}],"curies":[{"name":"wp","href":"https:\/\/api.w.org\/{rel}","templated":true}]}}