{"id":9856,"date":"2021-12-15T12:06:16","date_gmt":"2021-12-15T11:06:16","guid":{"rendered":"https:\/\/v31.es\/booksonline\/?post_type=product&#038;p=9856"},"modified":"2022-03-28T12:19:51","modified_gmt":"2022-03-28T10:19:51","slug":"dios-y-nosotros","status":"publish","type":"product","link":"https:\/\/v31.es\/booksonline\/producto\/dios-y-nosotros\/","title":{"rendered":"Dios y Nosotros"},"content":{"rendered":"<p>Cuado aquel que habiendo nacido esclavo, despu\u00e9s de una vida de sufrimiento. Tortura y desenga\u00f1o; desaparecida en el todo la esperanza de alcanzar la libertada, siente que muere a consecuencia de una brutal paliza, dice: \u00abAl fin voy a ser libre\u00bb&#8230;<\/p>\n","protected":false},"excerpt":{"rendered":"<p>Cuado aquel que habiendo nacido esclavo, despu\u00e9s de una vida de sufrimiento. Tortura y desenga\u00f1o; desaparecida en el todo la esperanza de alcanzar la libertada, siente que muere a consecuencia de una brutal paliza, dice: \u00abAl fin voy a ser libre\u00bb&#8230;<\/p>\n","protected":false},"featured_media":10096,"comment_status":"open","ping_status":"closed","template":"","meta":{"_et_pb_use_builder":"off","_et_pb_old_content":"\u201cNada es lo que parece, nada parece lo que es\u201d\r\n\r\n[learn_more caption=\"leer m\u00e1s\"]Nos pasamos la mayor parte de nuestra existencia sumidos en una profunda oscuridad, y no somos conscientes de que con un simple gesto, podemos pulsar el interruptor que llenar\u00eda nuestra vida de luz y felicidad. Pocas son las personas capaces de ver que malgastando nuestro tiempo en esa pelea constante con nosotros mismos y con los dem\u00e1s nunca llegaremos a encontrar lo que realmente buscamos, el amor. El amor llegar\u00e1 a ti si le abres la puerta, o al menos una ventana. El amor no es perfecto, pero es lo \u00fanico por lo que merece la pena sufrir, y sobre todo vivir.[\/learn_more]","_et_gb_content_width":""},"product_brand":[],"product_cat":[354,350],"product_tag":[36],"class_list":{"0":"post-9856","1":"product","2":"type-product","3":"status-publish","4":"has-post-thumbnail","6":"product_cat-antonio-letosa-marcen","7":"product_cat-kiosco-de-libros","8":"product_tag-novela","9":"product_shipping_class-envio-estandar","11":"first","12":"instock","13":"taxable","14":"shipping-taxable","15":"purchasable","16":"product-type-simple"},"_links":{"self":[{"href":"https:\/\/v31.es\/booksonline\/wp-json\/wp\/v2\/product\/9856","targetHints":{"allow":["GET"]}}],"collection":[{"href":"https:\/\/v31.es\/booksonline\/wp-json\/wp\/v2\/product"}],"about":[{"href":"https:\/\/v31.es\/booksonline\/wp-json\/wp\/v2\/types\/product"}],"replies":[{"embeddable":true,"href":"https:\/\/v31.es\/booksonline\/wp-json\/wp\/v2\/comments?post=9856"}],"wp:featuredmedia":[{"embeddable":true,"href":"https:\/\/v31.es\/booksonline\/wp-json\/wp\/v2\/media\/10096"}],"wp:attachment":[{"href":"https:\/\/v31.es\/booksonline\/wp-json\/wp\/v2\/media?parent=9856"}],"wp:term":[{"taxonomy":"product_brand","embeddable":true,"href":"https:\/\/v31.es\/booksonline\/wp-json\/wp\/v2\/product_brand?post=9856"},{"taxonomy":"product_cat","embeddable":true,"href":"https:\/\/v31.es\/booksonline\/wp-json\/wp\/v2\/product_cat?post=9856"},{"taxonomy":"product_tag","embeddable":true,"href":"https:\/\/v31.es\/booksonline\/wp-json\/wp\/v2\/product_tag?post=9856"}],"curies":[{"name":"wp","href":"https:\/\/api.w.org\/{rel}","templated":true}]}}