{"id":9858,"date":"2021-12-15T12:23:18","date_gmt":"2021-12-15T11:23:18","guid":{"rendered":"https:\/\/v31.es\/booksonline\/?post_type=product&#038;p=9858"},"modified":"2022-03-28T12:18:45","modified_gmt":"2022-03-28T10:18:45","slug":"regreso-al-alba","status":"publish","type":"product","link":"https:\/\/v31.es\/booksonline\/producto\/regreso-al-alba\/","title":{"rendered":"Regreso al Alba"},"content":{"rendered":"<p>El ni\u00f1o Omar, al ser decretada la expulsi\u00f3n de los moriscos, es dejado por su padre a una familia de monz\u00f3n. El tiempo pasa y Omar se convierte en un joven querido y admirado.<\/p>\n<p>mientras en Tamarite de Litera, siete mujeres son ahorcadas acusadas de brujas. Isabel, la hija de una de ellas, deber\u00e1 sufrir la incomprensi\u00f3n como consecuencia de estos hechos. Isabel y Omar se encuentran y surge un apasionado amor que pasar\u00e1 por diversas vicisitudes.<\/p>\n","protected":false},"excerpt":{"rendered":"<p>El ni\u00f1o Omar, al ser decretada la expulsi\u00f3n de los moriscos, es dejado por su padre a una familia de monz\u00f3n. El tiempo pasa y Omar se convierte en un joven querido y admirado. mientras en Tamarite de Litera, siete mujeres son ahorcadas acusadas de brujas. Isabel, la hija de una de ellas, deber\u00e1 sufrir [&hellip;]<\/p>\n","protected":false},"featured_media":10146,"comment_status":"open","ping_status":"closed","template":"","meta":{"_et_pb_use_builder":"off","_et_pb_old_content":"\u201cNada es lo que parece, nada parece lo que es\u201d\r\n\r\n[learn_more caption=\"leer m\u00e1s\"]Nos pasamos la mayor parte de nuestra existencia sumidos en una profunda oscuridad, y no somos conscientes de que con un simple gesto, podemos pulsar el interruptor que llenar\u00eda nuestra vida de luz y felicidad. Pocas son las personas capaces de ver que malgastando nuestro tiempo en esa pelea constante con nosotros mismos y con los dem\u00e1s nunca llegaremos a encontrar lo que realmente buscamos, el amor. El amor llegar\u00e1 a ti si le abres la puerta, o al menos una ventana. El amor no es perfecto, pero es lo \u00fanico por lo que merece la pena sufrir, y sobre todo vivir.[\/learn_more]","_et_gb_content_width":""},"product_brand":[],"product_cat":[355,350],"product_tag":[36],"class_list":{"0":"post-9858","1":"product","2":"type-product","3":"status-publish","4":"has-post-thumbnail","6":"product_cat-jose-antonio-adell","7":"product_cat-kiosco-de-libros","8":"product_tag-novela","9":"product_shipping_class-envio-estandar","11":"first","12":"instock","13":"taxable","14":"shipping-taxable","15":"purchasable","16":"product-type-simple"},"_links":{"self":[{"href":"https:\/\/v31.es\/booksonline\/wp-json\/wp\/v2\/product\/9858","targetHints":{"allow":["GET"]}}],"collection":[{"href":"https:\/\/v31.es\/booksonline\/wp-json\/wp\/v2\/product"}],"about":[{"href":"https:\/\/v31.es\/booksonline\/wp-json\/wp\/v2\/types\/product"}],"replies":[{"embeddable":true,"href":"https:\/\/v31.es\/booksonline\/wp-json\/wp\/v2\/comments?post=9858"}],"wp:featuredmedia":[{"embeddable":true,"href":"https:\/\/v31.es\/booksonline\/wp-json\/wp\/v2\/media\/10146"}],"wp:attachment":[{"href":"https:\/\/v31.es\/booksonline\/wp-json\/wp\/v2\/media?parent=9858"}],"wp:term":[{"taxonomy":"product_brand","embeddable":true,"href":"https:\/\/v31.es\/booksonline\/wp-json\/wp\/v2\/product_brand?post=9858"},{"taxonomy":"product_cat","embeddable":true,"href":"https:\/\/v31.es\/booksonline\/wp-json\/wp\/v2\/product_cat?post=9858"},{"taxonomy":"product_tag","embeddable":true,"href":"https:\/\/v31.es\/booksonline\/wp-json\/wp\/v2\/product_tag?post=9858"}],"curies":[{"name":"wp","href":"https:\/\/api.w.org\/{rel}","templated":true}]}}