{"id":9865,"date":"2021-12-21T11:01:30","date_gmt":"2021-12-21T10:01:30","guid":{"rendered":"https:\/\/v31.es\/booksonline\/?post_type=product&#038;p=9865"},"modified":"2022-03-28T12:17:28","modified_gmt":"2022-03-28T10:17:28","slug":"mi-perrita-se-llama","status":"publish","type":"product","link":"https:\/\/v31.es\/booksonline\/producto\/mi-perrita-se-llama\/","title":{"rendered":"Mi Perrita se Llama"},"content":{"rendered":"<p>Cuando era peque\u00f1a , mi hermano To\u00f1o que contaba con 10 a\u00f1os, y yo con siete, so\u00f1\u00e1bamos con irnos de mayores al parque de fauna salvaje que hay en \u00c1frica, en\u00a0 un lugar llamado Kenia, quer\u00edamos ser veterinarios all\u00ed, y pasar nuestra vida junto a leones, cebras,\u00a0 jirafas&#8230;<\/p>\n","protected":false},"excerpt":{"rendered":"<p>Cuando era peque\u00f1a , mi hermano To\u00f1o que contaba con 10 a\u00f1os, y yo con siete, so\u00f1\u00e1bamos con irnos de mayores al parque de fauna salvaje que hay en \u00c1frica, en\u00a0 un lugar llamado Kenia, quer\u00edamos ser veterinarios all\u00ed, y pasar nuestra vida junto a leones, cebras,\u00a0 jirafas&#8230;<\/p>\n","protected":false},"featured_media":10133,"comment_status":"open","ping_status":"closed","template":"","meta":{"_et_pb_use_builder":"off","_et_pb_old_content":"\u201cNada es lo que parece, nada parece lo que es\u201d\r\n\r\n[learn_more caption=\"leer m\u00e1s\"]Nos pasamos la mayor parte de nuestra existencia sumidos en una profunda oscuridad, y no somos conscientes de que con un simple gesto, podemos pulsar el interruptor que llenar\u00eda nuestra vida de luz y felicidad. Pocas son las personas capaces de ver que malgastando nuestro tiempo en esa pelea constante con nosotros mismos y con los dem\u00e1s nunca llegaremos a encontrar lo que realmente buscamos, el amor. El amor llegar\u00e1 a ti si le abres la puerta, o al menos una ventana. El amor no es perfecto, pero es lo \u00fanico por lo que merece la pena sufrir, y sobre todo vivir.[\/learn_more]","_et_gb_content_width":""},"product_brand":[],"product_cat":[350],"product_tag":[250],"class_list":{"0":"post-9865","1":"product","2":"type-product","3":"status-publish","4":"has-post-thumbnail","6":"product_cat-kiosco-de-libros","7":"product_tag-infantil","8":"product_shipping_class-envio-estandar","10":"first","11":"instock","12":"taxable","13":"shipping-taxable","14":"purchasable","15":"product-type-simple"},"_links":{"self":[{"href":"https:\/\/v31.es\/booksonline\/wp-json\/wp\/v2\/product\/9865","targetHints":{"allow":["GET"]}}],"collection":[{"href":"https:\/\/v31.es\/booksonline\/wp-json\/wp\/v2\/product"}],"about":[{"href":"https:\/\/v31.es\/booksonline\/wp-json\/wp\/v2\/types\/product"}],"replies":[{"embeddable":true,"href":"https:\/\/v31.es\/booksonline\/wp-json\/wp\/v2\/comments?post=9865"}],"wp:featuredmedia":[{"embeddable":true,"href":"https:\/\/v31.es\/booksonline\/wp-json\/wp\/v2\/media\/10133"}],"wp:attachment":[{"href":"https:\/\/v31.es\/booksonline\/wp-json\/wp\/v2\/media?parent=9865"}],"wp:term":[{"taxonomy":"product_brand","embeddable":true,"href":"https:\/\/v31.es\/booksonline\/wp-json\/wp\/v2\/product_brand?post=9865"},{"taxonomy":"product_cat","embeddable":true,"href":"https:\/\/v31.es\/booksonline\/wp-json\/wp\/v2\/product_cat?post=9865"},{"taxonomy":"product_tag","embeddable":true,"href":"https:\/\/v31.es\/booksonline\/wp-json\/wp\/v2\/product_tag?post=9865"}],"curies":[{"name":"wp","href":"https:\/\/api.w.org\/{rel}","templated":true}]}}