{"id":9894,"date":"2022-01-04T08:19:59","date_gmt":"2022-01-04T07:19:59","guid":{"rendered":"https:\/\/v31.es\/booksonline\/?post_type=product&#038;p=9894"},"modified":"2022-03-28T12:13:58","modified_gmt":"2022-03-28T10:13:58","slug":"mis-dibujos","status":"publish","type":"product","link":"https:\/\/v31.es\/booksonline\/producto\/mis-dibujos\/","title":{"rendered":"Mis Dibujos"},"content":{"rendered":"<p>Colecci\u00f3n \u00abA Lazena\u00bb, N\u00ba 4, Pretend\u00edamos dar a conocer aspectos distintos de nuestro entorno contado por personas de aqu\u00ed, aut\u00e9nticos expertos en distintos temas, estudiosos y pacientes investigadores, pero en la mayor\u00eda de los casos desconocidos para el p\u00fablico porque nadie nunca les hab\u00eda dado la posibilidad de plasmar en un libro el resultado de muchos a\u00f1os de mucho a\u00f1os de estudios e investigaci\u00f3n.<\/p>\n","protected":false},"excerpt":{"rendered":"<p>Colecci\u00f3n \u00abA Lazena\u00bb, N\u00ba 4, Pretend\u00edamos dar a conocer aspectos distintos de nuestro entorno contado por personas de aqu\u00ed, aut\u00e9nticos expertos en distintos temas, estudiosos y pacientes investigadores, pero en la mayor\u00eda de los casos desconocidos para el p\u00fablico porque nadie nunca les hab\u00eda dado la posibilidad de plasmar en un libro el resultado de [&hellip;]<\/p>\n","protected":false},"featured_media":10134,"comment_status":"open","ping_status":"closed","template":"","meta":{"_et_pb_use_builder":"off","_et_pb_old_content":"\u201cNada es lo que parece, nada parece lo que es\u201d\r\n\r\n[learn_more caption=\"leer m\u00e1s\"]Nos pasamos la mayor parte de nuestra existencia sumidos en una profunda oscuridad, y no somos conscientes de que con un simple gesto, podemos pulsar el interruptor que llenar\u00eda nuestra vida de luz y felicidad. Pocas son las personas capaces de ver que malgastando nuestro tiempo en esa pelea constante con nosotros mismos y con los dem\u00e1s nunca llegaremos a encontrar lo que realmente buscamos, el amor. El amor llegar\u00e1 a ti si le abres la puerta, o al menos una ventana. El amor no es perfecto, pero es lo \u00fanico por lo que merece la pena sufrir, y sobre todo vivir.[\/learn_more]","_et_gb_content_width":""},"product_brand":[],"product_cat":[350],"product_tag":[214],"class_list":{"0":"post-9894","1":"product","2":"type-product","3":"status-publish","4":"has-post-thumbnail","6":"product_cat-kiosco-de-libros","7":"product_tag-crecimiento-personal","8":"product_shipping_class-envio-estandar","10":"first","11":"instock","12":"taxable","13":"shipping-taxable","14":"purchasable","15":"product-type-simple"},"_links":{"self":[{"href":"https:\/\/v31.es\/booksonline\/wp-json\/wp\/v2\/product\/9894","targetHints":{"allow":["GET"]}}],"collection":[{"href":"https:\/\/v31.es\/booksonline\/wp-json\/wp\/v2\/product"}],"about":[{"href":"https:\/\/v31.es\/booksonline\/wp-json\/wp\/v2\/types\/product"}],"replies":[{"embeddable":true,"href":"https:\/\/v31.es\/booksonline\/wp-json\/wp\/v2\/comments?post=9894"}],"wp:featuredmedia":[{"embeddable":true,"href":"https:\/\/v31.es\/booksonline\/wp-json\/wp\/v2\/media\/10134"}],"wp:attachment":[{"href":"https:\/\/v31.es\/booksonline\/wp-json\/wp\/v2\/media?parent=9894"}],"wp:term":[{"taxonomy":"product_brand","embeddable":true,"href":"https:\/\/v31.es\/booksonline\/wp-json\/wp\/v2\/product_brand?post=9894"},{"taxonomy":"product_cat","embeddable":true,"href":"https:\/\/v31.es\/booksonline\/wp-json\/wp\/v2\/product_cat?post=9894"},{"taxonomy":"product_tag","embeddable":true,"href":"https:\/\/v31.es\/booksonline\/wp-json\/wp\/v2\/product_tag?post=9894"}],"curies":[{"name":"wp","href":"https:\/\/api.w.org\/{rel}","templated":true}]}}