{"id":9898,"date":"2022-01-04T08:48:46","date_gmt":"2022-01-04T07:48:46","guid":{"rendered":"https:\/\/v31.es\/booksonline\/?post_type=product&#038;p=9898"},"modified":"2022-03-28T12:12:08","modified_gmt":"2022-03-28T10:12:08","slug":"rebelde-y-artista","status":"publish","type":"product","link":"https:\/\/v31.es\/booksonline\/producto\/rebelde-y-artista\/","title":{"rendered":"Rebelde y Artista"},"content":{"rendered":"<p>Julia Aguilar, Always (1899-1979) Sin la optima intervenci\u00f3n del azar, o qui\u00e9n sabe de qu\u00e9 desconocida fuerza, nada habr\u00e1 podido rescatarse de la vida y de la obre de esta excepcional mujer. Julia Aguilar\u00a0 o Julieta Always (Barbastro 1899-1979) Muy bellas, rebelde, enigm\u00e1tica, exc\u00e9ntrica. Fue bailarina de cabar\u00e9. Vivi\u00f3 los a\u00f1os locos de Paris,\u00a0 el Madrid mon\u00e1rquico y republicano. Desafi\u00f3 a la vida.<\/p>\n","protected":false},"excerpt":{"rendered":"<p>Julia Aguilar, Always (1899-1979) Sin la optima intervenci\u00f3n del azar, o qui\u00e9n sabe de qu\u00e9 desconocida fuerza, nada habr\u00e1 podido rescatarse de la vida y de la obre de esta excepcional mujer. Julia Aguilar\u00a0 o Julieta Always (Barbastro 1899-1979) Muy bellas, rebelde, enigm\u00e1tica, exc\u00e9ntrica. Fue bailarina de cabar\u00e9. Vivi\u00f3 los a\u00f1os locos de Paris,\u00a0 el [&hellip;]<\/p>\n","protected":false},"featured_media":10144,"comment_status":"open","ping_status":"closed","template":"","meta":{"_et_pb_use_builder":"off","_et_pb_old_content":"\u201cNada es lo que parece, nada parece lo que es\u201d\r\n\r\n[learn_more caption=\"leer m\u00e1s\"]Nos pasamos la mayor parte de nuestra existencia sumidos en una profunda oscuridad, y no somos conscientes de que con un simple gesto, podemos pulsar el interruptor que llenar\u00eda nuestra vida de luz y felicidad. Pocas son las personas capaces de ver que malgastando nuestro tiempo en esa pelea constante con nosotros mismos y con los dem\u00e1s nunca llegaremos a encontrar lo que realmente buscamos, el amor. El amor llegar\u00e1 a ti si le abres la puerta, o al menos una ventana. El amor no es perfecto, pero es lo \u00fanico por lo que merece la pena sufrir, y sobre todo vivir.[\/learn_more]","_et_gb_content_width":""},"product_brand":[],"product_cat":[350],"product_tag":[214],"class_list":{"0":"post-9898","1":"product","2":"type-product","3":"status-publish","4":"has-post-thumbnail","6":"product_cat-kiosco-de-libros","7":"product_tag-crecimiento-personal","8":"product_shipping_class-envio-estandar","10":"first","11":"instock","12":"taxable","13":"shipping-taxable","14":"purchasable","15":"product-type-simple"},"_links":{"self":[{"href":"https:\/\/v31.es\/booksonline\/wp-json\/wp\/v2\/product\/9898","targetHints":{"allow":["GET"]}}],"collection":[{"href":"https:\/\/v31.es\/booksonline\/wp-json\/wp\/v2\/product"}],"about":[{"href":"https:\/\/v31.es\/booksonline\/wp-json\/wp\/v2\/types\/product"}],"replies":[{"embeddable":true,"href":"https:\/\/v31.es\/booksonline\/wp-json\/wp\/v2\/comments?post=9898"}],"wp:featuredmedia":[{"embeddable":true,"href":"https:\/\/v31.es\/booksonline\/wp-json\/wp\/v2\/media\/10144"}],"wp:attachment":[{"href":"https:\/\/v31.es\/booksonline\/wp-json\/wp\/v2\/media?parent=9898"}],"wp:term":[{"taxonomy":"product_brand","embeddable":true,"href":"https:\/\/v31.es\/booksonline\/wp-json\/wp\/v2\/product_brand?post=9898"},{"taxonomy":"product_cat","embeddable":true,"href":"https:\/\/v31.es\/booksonline\/wp-json\/wp\/v2\/product_cat?post=9898"},{"taxonomy":"product_tag","embeddable":true,"href":"https:\/\/v31.es\/booksonline\/wp-json\/wp\/v2\/product_tag?post=9898"}],"curies":[{"name":"wp","href":"https:\/\/api.w.org\/{rel}","templated":true}]}}