{"id":9902,"date":"2022-01-04T09:06:22","date_gmt":"2022-01-04T08:06:22","guid":{"rendered":"https:\/\/v31.es\/booksonline\/?post_type=product&#038;p=9902"},"modified":"2022-03-28T12:09:59","modified_gmt":"2022-03-28T10:09:59","slug":"garcia-baron","status":"publish","type":"product","link":"https:\/\/v31.es\/booksonline\/producto\/garcia-baron\/","title":{"rendered":"Garc\u00eda Bar\u00f3n"},"content":{"rendered":"<p>Don Antonio Garc\u00eda Bar\u00f3n, se considera un anarquista de los de antes, siempre con la mano tendida para ayudar si es necesario. Es muy apreciado en Monz\u00f3n, as\u00ed como por todos los sitios por donde va, porque sigue siendo alguien que ayuda a todo sin ning\u00fan inter\u00e9s; una persona excepcional, interesante, honrada y amiga.<\/p>\n","protected":false},"excerpt":{"rendered":"<p>Don Antonio Garc\u00eda Bar\u00f3n, se considera un anarquista de los de antes, siempre con la mano tendida para ayudar si es necesario. Es muy apreciado en Monz\u00f3n, as\u00ed como por todos los sitios por donde va, porque sigue siendo alguien que ayuda a todo sin ning\u00fan inter\u00e9s; una persona excepcional, interesante, honrada y amiga.<\/p>\n","protected":false},"featured_media":10115,"comment_status":"open","ping_status":"closed","template":"","meta":{"_et_pb_use_builder":"off","_et_pb_old_content":"\u201cNada es lo que parece, nada parece lo que es\u201d\r\n\r\n[learn_more caption=\"leer m\u00e1s\"]Nos pasamos la mayor parte de nuestra existencia sumidos en una profunda oscuridad, y no somos conscientes de que con un simple gesto, podemos pulsar el interruptor que llenar\u00eda nuestra vida de luz y felicidad. Pocas son las personas capaces de ver que malgastando nuestro tiempo en esa pelea constante con nosotros mismos y con los dem\u00e1s nunca llegaremos a encontrar lo que realmente buscamos, el amor. El amor llegar\u00e1 a ti si le abres la puerta, o al menos una ventana. El amor no es perfecto, pero es lo \u00fanico por lo que merece la pena sufrir, y sobre todo vivir.[\/learn_more]","_et_gb_content_width":""},"product_brand":[],"product_cat":[350],"product_tag":[228],"class_list":{"0":"post-9902","1":"product","2":"type-product","3":"status-publish","4":"has-post-thumbnail","6":"product_cat-kiosco-de-libros","7":"product_tag-testimonial","8":"product_shipping_class-envio-estandar","10":"first","11":"instock","12":"taxable","13":"shipping-taxable","14":"purchasable","15":"product-type-simple"},"_links":{"self":[{"href":"https:\/\/v31.es\/booksonline\/wp-json\/wp\/v2\/product\/9902","targetHints":{"allow":["GET"]}}],"collection":[{"href":"https:\/\/v31.es\/booksonline\/wp-json\/wp\/v2\/product"}],"about":[{"href":"https:\/\/v31.es\/booksonline\/wp-json\/wp\/v2\/types\/product"}],"replies":[{"embeddable":true,"href":"https:\/\/v31.es\/booksonline\/wp-json\/wp\/v2\/comments?post=9902"}],"wp:featuredmedia":[{"embeddable":true,"href":"https:\/\/v31.es\/booksonline\/wp-json\/wp\/v2\/media\/10115"}],"wp:attachment":[{"href":"https:\/\/v31.es\/booksonline\/wp-json\/wp\/v2\/media?parent=9902"}],"wp:term":[{"taxonomy":"product_brand","embeddable":true,"href":"https:\/\/v31.es\/booksonline\/wp-json\/wp\/v2\/product_brand?post=9902"},{"taxonomy":"product_cat","embeddable":true,"href":"https:\/\/v31.es\/booksonline\/wp-json\/wp\/v2\/product_cat?post=9902"},{"taxonomy":"product_tag","embeddable":true,"href":"https:\/\/v31.es\/booksonline\/wp-json\/wp\/v2\/product_tag?post=9902"}],"curies":[{"name":"wp","href":"https:\/\/api.w.org\/{rel}","templated":true}]}}