{"id":9920,"date":"2022-01-04T10:02:40","date_gmt":"2022-01-04T09:02:40","guid":{"rendered":"https:\/\/v31.es\/booksonline\/?post_type=product&#038;p=9920"},"modified":"2022-03-28T12:01:07","modified_gmt":"2022-03-28T10:01:07","slug":"el-romanico-en-andorra","status":"publish","type":"product","link":"https:\/\/v31.es\/booksonline\/producto\/el-romanico-en-andorra\/","title":{"rendered":"El Rom\u00e1nico en Andorra"},"content":{"rendered":"<p>Arte rom\u00e1nico en Andorra, ayuda a conocer de un modo muy visible y pr\u00e1ctico todo el rom\u00e1nico andorrano y en cada caso lo m\u00e1s revelarte y particular. Cada iglesia lleva un numero que se repite en el mapa de la solapa de la izquierda para poder organizar las visitas de una zona concreta.<\/p>\n","protected":false},"excerpt":{"rendered":"<p>Arte rom\u00e1nico en Andorra, ayuda a conocer de un modo muy visible y pr\u00e1ctico todo el rom\u00e1nico andorrano y en cada caso lo m\u00e1s revelarte y particular. Cada iglesia lleva un numero que se repite en el mapa de la solapa de la izquierda para poder organizar las visitas de una zona concreta.<\/p>\n","protected":false},"featured_media":10107,"comment_status":"open","ping_status":"closed","template":"","meta":{"_et_pb_use_builder":"off","_et_pb_old_content":"\u201cNada es lo que parece, nada parece lo que es\u201d\r\n\r\n[learn_more caption=\"leer m\u00e1s\"]Nos pasamos la mayor parte de nuestra existencia sumidos en una profunda oscuridad, y no somos conscientes de que con un simple gesto, podemos pulsar el interruptor que llenar\u00eda nuestra vida de luz y felicidad. Pocas son las personas capaces de ver que malgastando nuestro tiempo en esa pelea constante con nosotros mismos y con los dem\u00e1s nunca llegaremos a encontrar lo que realmente buscamos, el amor. El amor llegar\u00e1 a ti si le abres la puerta, o al menos una ventana. El amor no es perfecto, pero es lo \u00fanico por lo que merece la pena sufrir, y sobre todo vivir.[\/learn_more]","_et_gb_content_width":""},"product_brand":[],"product_cat":[263,350],"product_tag":[357],"class_list":{"0":"post-9920","1":"product","2":"type-product","3":"status-publish","4":"has-post-thumbnail","6":"product_cat-andorrana","7":"product_cat-kiosco-de-libros","8":"product_tag-arte-arquitectonico","9":"product_shipping_class-envio-estandar","11":"first","12":"instock","13":"taxable","14":"shipping-taxable","15":"purchasable","16":"product-type-simple"},"_links":{"self":[{"href":"https:\/\/v31.es\/booksonline\/wp-json\/wp\/v2\/product\/9920","targetHints":{"allow":["GET"]}}],"collection":[{"href":"https:\/\/v31.es\/booksonline\/wp-json\/wp\/v2\/product"}],"about":[{"href":"https:\/\/v31.es\/booksonline\/wp-json\/wp\/v2\/types\/product"}],"replies":[{"embeddable":true,"href":"https:\/\/v31.es\/booksonline\/wp-json\/wp\/v2\/comments?post=9920"}],"wp:featuredmedia":[{"embeddable":true,"href":"https:\/\/v31.es\/booksonline\/wp-json\/wp\/v2\/media\/10107"}],"wp:attachment":[{"href":"https:\/\/v31.es\/booksonline\/wp-json\/wp\/v2\/media?parent=9920"}],"wp:term":[{"taxonomy":"product_brand","embeddable":true,"href":"https:\/\/v31.es\/booksonline\/wp-json\/wp\/v2\/product_brand?post=9920"},{"taxonomy":"product_cat","embeddable":true,"href":"https:\/\/v31.es\/booksonline\/wp-json\/wp\/v2\/product_cat?post=9920"},{"taxonomy":"product_tag","embeddable":true,"href":"https:\/\/v31.es\/booksonline\/wp-json\/wp\/v2\/product_tag?post=9920"}],"curies":[{"name":"wp","href":"https:\/\/api.w.org\/{rel}","templated":true}]}}