{"id":9938,"date":"2022-01-04T12:26:45","date_gmt":"2022-01-04T11:26:45","guid":{"rendered":"https:\/\/v31.es\/booksonline\/?post_type=product&#038;p=9938"},"modified":"2022-03-28T11:55:27","modified_gmt":"2022-03-28T09:55:27","slug":"caminos-de-sangre","status":"publish","type":"product","link":"https:\/\/v31.es\/booksonline\/producto\/caminos-de-sangre\/","title":{"rendered":"Caminos de Sangre"},"content":{"rendered":"<p>Huida, persecuci\u00f3n, exterminio y esclavitud. Son los cap\u00edtulos vividos a lo largo de la historia del pueblo gitano. En este libro se recogen hechos ver\u00eddicos sobre los pocos documentos escritos de la historia del pueblo gitano, desde cuando huyeron de la India perseguidos por los sarracenos y la entrada en Europa por los pa\u00edses del este&#8230;<\/p>\n","protected":false},"excerpt":{"rendered":"<p>Huida, persecuci\u00f3n, exterminio y esclavitud. Son los cap\u00edtulos vividos a lo largo de la historia del pueblo gitano. En este libro se recogen hechos ver\u00eddicos sobre los pocos documentos escritos de la historia del pueblo gitano, desde cuando huyeron de la India perseguidos por los sarracenos y la entrada en Europa por los pa\u00edses del [&hellip;]<\/p>\n","protected":false},"featured_media":10092,"comment_status":"open","ping_status":"closed","template":"","meta":{"_et_pb_use_builder":"off","_et_pb_old_content":"\u201cNada es lo que parece, nada parece lo que es\u201d\r\n\r\n[learn_more caption=\"leer m\u00e1s\"]Nos pasamos la mayor parte de nuestra existencia sumidos en una profunda oscuridad, y no somos conscientes de que con un simple gesto, podemos pulsar el interruptor que llenar\u00eda nuestra vida de luz y felicidad. Pocas son las personas capaces de ver que malgastando nuestro tiempo en esa pelea constante con nosotros mismos y con los dem\u00e1s nunca llegaremos a encontrar lo que realmente buscamos, el amor. El amor llegar\u00e1 a ti si le abres la puerta, o al menos una ventana. El amor no es perfecto, pero es lo \u00fanico por lo que merece la pena sufrir, y sobre todo vivir.[\/learn_more]","_et_gb_content_width":""},"product_brand":[],"product_cat":[350],"product_tag":[266],"class_list":{"0":"post-9938","1":"product","2":"type-product","3":"status-publish","4":"has-post-thumbnail","6":"product_cat-kiosco-de-libros","7":"product_tag-historia","8":"product_shipping_class-envio-estandar","10":"first","11":"instock","12":"taxable","13":"shipping-taxable","14":"purchasable","15":"product-type-simple"},"_links":{"self":[{"href":"https:\/\/v31.es\/booksonline\/wp-json\/wp\/v2\/product\/9938","targetHints":{"allow":["GET"]}}],"collection":[{"href":"https:\/\/v31.es\/booksonline\/wp-json\/wp\/v2\/product"}],"about":[{"href":"https:\/\/v31.es\/booksonline\/wp-json\/wp\/v2\/types\/product"}],"replies":[{"embeddable":true,"href":"https:\/\/v31.es\/booksonline\/wp-json\/wp\/v2\/comments?post=9938"}],"wp:featuredmedia":[{"embeddable":true,"href":"https:\/\/v31.es\/booksonline\/wp-json\/wp\/v2\/media\/10092"}],"wp:attachment":[{"href":"https:\/\/v31.es\/booksonline\/wp-json\/wp\/v2\/media?parent=9938"}],"wp:term":[{"taxonomy":"product_brand","embeddable":true,"href":"https:\/\/v31.es\/booksonline\/wp-json\/wp\/v2\/product_brand?post=9938"},{"taxonomy":"product_cat","embeddable":true,"href":"https:\/\/v31.es\/booksonline\/wp-json\/wp\/v2\/product_cat?post=9938"},{"taxonomy":"product_tag","embeddable":true,"href":"https:\/\/v31.es\/booksonline\/wp-json\/wp\/v2\/product_tag?post=9938"}],"curies":[{"name":"wp","href":"https:\/\/api.w.org\/{rel}","templated":true}]}}