{"id":9942,"date":"2022-01-04T12:54:30","date_gmt":"2022-01-04T11:54:30","guid":{"rendered":"https:\/\/v31.es\/booksonline\/?post_type=product&#038;p=9942"},"modified":"2024-06-04T08:28:49","modified_gmt":"2024-06-04T06:28:49","slug":"maquis-y-guerrilleros","status":"publish","type":"product","link":"https:\/\/v31.es\/booksonline\/producto\/maquis-y-guerrilleros\/","title":{"rendered":"Maquis y Guerrilleros"},"content":{"rendered":"<p>El Partido Comunista de Espa\u00f1a mantuvo, desde al exilio, su objetivo de derribar a Franco y a la falange por las armas una vez que la Segunda Guerra Mundial finalizo. Para ello empleo a miles de combatientes que se infiltraron a trav\u00e9s de los Perineos y se unieron a los que en el interior manten\u00edan la lucha.<\/p>\n","protected":false},"excerpt":{"rendered":"<p>El Partido Comunista de Espa\u00f1a mantuvo, desde al exilio, su objetivo de derribar a Franco y a la falange por las armas una vez que la Segunda Guerra Mundial finalizo. Para ello empleo a miles de combatientes que se infiltraron a trav\u00e9s de los Perineos y se unieron a los que en el interior manten\u00edan [&hellip;]<\/p>\n","protected":false},"featured_media":10128,"comment_status":"open","ping_status":"closed","template":"","meta":{"_et_pb_use_builder":"off","_et_pb_old_content":"\u201cNada es lo que parece, nada parece lo que es\u201d\r\n\r\n[learn_more caption=\"leer m\u00e1s\"]Nos pasamos la mayor parte de nuestra existencia sumidos en una profunda oscuridad, y no somos conscientes de que con un simple gesto, podemos pulsar el interruptor que llenar\u00eda nuestra vida de luz y felicidad. Pocas son las personas capaces de ver que malgastando nuestro tiempo en esa pelea constante con nosotros mismos y con los dem\u00e1s nunca llegaremos a encontrar lo que realmente buscamos, el amor. El amor llegar\u00e1 a ti si le abres la puerta, o al menos una ventana. El amor no es perfecto, pero es lo \u00fanico por lo que merece la pena sufrir, y sobre todo vivir.[\/learn_more]","_et_gb_content_width":""},"product_brand":[],"product_cat":[350],"product_tag":[345],"class_list":{"0":"post-9942","1":"product","2":"type-product","3":"status-publish","4":"has-post-thumbnail","6":"product_cat-kiosco-de-libros","7":"product_tag-memoria-historica","8":"product_shipping_class-envio-estandar","10":"first","11":"instock","12":"taxable","13":"shipping-taxable","14":"purchasable","15":"product-type-simple"},"_links":{"self":[{"href":"https:\/\/v31.es\/booksonline\/wp-json\/wp\/v2\/product\/9942","targetHints":{"allow":["GET"]}}],"collection":[{"href":"https:\/\/v31.es\/booksonline\/wp-json\/wp\/v2\/product"}],"about":[{"href":"https:\/\/v31.es\/booksonline\/wp-json\/wp\/v2\/types\/product"}],"replies":[{"embeddable":true,"href":"https:\/\/v31.es\/booksonline\/wp-json\/wp\/v2\/comments?post=9942"}],"wp:featuredmedia":[{"embeddable":true,"href":"https:\/\/v31.es\/booksonline\/wp-json\/wp\/v2\/media\/10128"}],"wp:attachment":[{"href":"https:\/\/v31.es\/booksonline\/wp-json\/wp\/v2\/media?parent=9942"}],"wp:term":[{"taxonomy":"product_brand","embeddable":true,"href":"https:\/\/v31.es\/booksonline\/wp-json\/wp\/v2\/product_brand?post=9942"},{"taxonomy":"product_cat","embeddable":true,"href":"https:\/\/v31.es\/booksonline\/wp-json\/wp\/v2\/product_cat?post=9942"},{"taxonomy":"product_tag","embeddable":true,"href":"https:\/\/v31.es\/booksonline\/wp-json\/wp\/v2\/product_tag?post=9942"}],"curies":[{"name":"wp","href":"https:\/\/api.w.org\/{rel}","templated":true}]}}