{"id":9950,"date":"2022-01-05T10:24:38","date_gmt":"2022-01-05T09:24:38","guid":{"rendered":"https:\/\/v31.es\/booksonline\/?post_type=product&#038;p=9950"},"modified":"2024-06-04T08:24:23","modified_gmt":"2024-06-04T06:24:23","slug":"el-abrazo-imperfecto","status":"publish","type":"product","link":"https:\/\/v31.es\/booksonline\/producto\/el-abrazo-imperfecto\/","title":{"rendered":"El abrazo Imperfecto"},"content":{"rendered":"<p>Poncio Buccola es un joven florentino procedente de una familia de joyeros de reconocido prestigio. Tiene una gran sensibilidad y manifiesta un enorme aprecio por la belleza de femenina. Una tarde mientras esta trabajando en la joyer\u00eda de su familia entra una chica joven a comprar una gargantilla&#8230;<\/p>\n","protected":false},"excerpt":{"rendered":"<p>Poncio Buccola es un joven florentino procedente de una familia de joyeros de reconocido prestigio. Tiene una gran sensibilidad y manifiesta un enorme aprecio por la belleza de femenina. Una tarde mientras esta trabajando en la joyer\u00eda de su familia entra una chica joven a comprar una gargantilla&#8230;<\/p>\n","protected":false},"featured_media":10099,"comment_status":"open","ping_status":"closed","template":"","meta":{"_et_pb_use_builder":"off","_et_pb_old_content":"\u201cNada es lo que parece, nada parece lo que es\u201d\r\n\r\n[learn_more caption=\"leer m\u00e1s\"]Nos pasamos la mayor parte de nuestra existencia sumidos en una profunda oscuridad, y no somos conscientes de que con un simple gesto, podemos pulsar el interruptor que llenar\u00eda nuestra vida de luz y felicidad. Pocas son las personas capaces de ver que malgastando nuestro tiempo en esa pelea constante con nosotros mismos y con los dem\u00e1s nunca llegaremos a encontrar lo que realmente buscamos, el amor. El amor llegar\u00e1 a ti si le abres la puerta, o al menos una ventana. El amor no es perfecto, pero es lo \u00fanico por lo que merece la pena sufrir, y sobre todo vivir.[\/learn_more]","_et_gb_content_width":""},"product_brand":[],"product_cat":[350],"product_tag":[36],"class_list":{"0":"post-9950","1":"product","2":"type-product","3":"status-publish","4":"has-post-thumbnail","6":"product_cat-kiosco-de-libros","7":"product_tag-novela","8":"product_shipping_class-envio-estandar","10":"first","11":"instock","12":"taxable","13":"shipping-taxable","14":"purchasable","15":"product-type-simple"},"_links":{"self":[{"href":"https:\/\/v31.es\/booksonline\/wp-json\/wp\/v2\/product\/9950","targetHints":{"allow":["GET"]}}],"collection":[{"href":"https:\/\/v31.es\/booksonline\/wp-json\/wp\/v2\/product"}],"about":[{"href":"https:\/\/v31.es\/booksonline\/wp-json\/wp\/v2\/types\/product"}],"replies":[{"embeddable":true,"href":"https:\/\/v31.es\/booksonline\/wp-json\/wp\/v2\/comments?post=9950"}],"wp:featuredmedia":[{"embeddable":true,"href":"https:\/\/v31.es\/booksonline\/wp-json\/wp\/v2\/media\/10099"}],"wp:attachment":[{"href":"https:\/\/v31.es\/booksonline\/wp-json\/wp\/v2\/media?parent=9950"}],"wp:term":[{"taxonomy":"product_brand","embeddable":true,"href":"https:\/\/v31.es\/booksonline\/wp-json\/wp\/v2\/product_brand?post=9950"},{"taxonomy":"product_cat","embeddable":true,"href":"https:\/\/v31.es\/booksonline\/wp-json\/wp\/v2\/product_cat?post=9950"},{"taxonomy":"product_tag","embeddable":true,"href":"https:\/\/v31.es\/booksonline\/wp-json\/wp\/v2\/product_tag?post=9950"}],"curies":[{"name":"wp","href":"https:\/\/api.w.org\/{rel}","templated":true}]}}